{"id":3159,"date":"2021-03-24T16:33:29","date_gmt":"2021-03-24T16:33:29","guid":{"rendered":"https:\/\/www.outta8.com\/?page_id=3159"},"modified":"2021-04-07T15:15:28","modified_gmt":"2021-04-07T15:15:28","slug":"polityka-prywatnosci","status":"publish","type":"page","link":"https:\/\/weronikawozniak.net\/index.php\/polityka-prywatnosci\/","title":{"rendered":"Polityka Prywatno\u015bci"},"content":{"rendered":"\t\t<div data-elementor-type=\"wp-page\" data-elementor-id=\"3159\" class=\"elementor elementor-3159\">\n\t\t\t\t\t\t\t\t\t<section class=\"elementor-section elementor-top-section elementor-element elementor-element-4701b211 elementor-section-height-min-height elementor-section-boxed elementor-section-height-default elementor-section-items-middle\" data-id=\"4701b211\" data-element_type=\"section\" data-settings=\"{&quot;background_background&quot;:&quot;classic&quot;}\">\n\t\t\t\t\t\t\t<div class=\"elementor-background-overlay\"><\/div>\n\t\t\t\t\t\t\t<div class=\"elementor-container elementor-column-gap-no\">\n\t\t\t\t\t<div class=\"elementor-column elementor-col-100 elementor-top-column elementor-element elementor-element-718fb60d\" data-id=\"718fb60d\" data-element_type=\"column\">\n\t\t\t<div class=\"elementor-widget-wrap\">\n\t\t\t\t\t\t\t\t\t<\/div>\n\t\t<\/div>\n\t\t\t\t\t\t\t<\/div>\n\t\t<\/section>\n\t\t\t\t<section class=\"elementor-section elementor-top-section elementor-element elementor-element-292582be elementor-section-boxed elementor-section-height-default elementor-section-height-default\" data-id=\"292582be\" data-element_type=\"section\" data-settings=\"{&quot;background_background&quot;:&quot;classic&quot;}\">\n\t\t\t\t\t\t<div class=\"elementor-container elementor-column-gap-default\">\n\t\t\t\t\t<div class=\"elementor-column elementor-col-100 elementor-top-column elementor-element elementor-element-a38ef2d\" data-id=\"a38ef2d\" data-element_type=\"column\">\n\t\t\t<div class=\"elementor-widget-wrap elementor-element-populated\">\n\t\t\t\t\t\t\t\t<div class=\"elementor-element elementor-element-211dc353 elementor-widget elementor-widget-heading\" data-id=\"211dc353\" data-element_type=\"widget\" data-widget_type=\"heading.default\">\n\t\t\t\t<div class=\"elementor-widget-container\">\n\t\t\t<h2 class=\"elementor-heading-title elementor-size-default\">Polityka prywatno\u015bci<\/h2>\t\t<\/div>\n\t\t\t\t<\/div>\n\t\t\t\t<div class=\"elementor-element elementor-element-54b18340 elementor-widget elementor-widget-text-editor\" data-id=\"54b18340\" data-element_type=\"widget\" data-widget_type=\"text-editor.default\">\n\t\t\t\t<div class=\"elementor-widget-container\">\n\t\t\t\t\t\t\t\t\t\t\t\t\t<\/div>\n\t\t\t\t<\/div>\n\t\t\t\t<div class=\"elementor-element elementor-element-54dea2e4 elementor-widget-divider--view-line elementor-widget elementor-widget-divider\" data-id=\"54dea2e4\" data-element_type=\"widget\" data-widget_type=\"divider.default\">\n\t\t\t\t<div class=\"elementor-widget-container\">\n\t\t\t\t\t<div class=\"elementor-divider\">\n\t\t\t<span class=\"elementor-divider-separator\">\n\t\t\t\t\t\t<\/span>\n\t\t<\/div>\n\t\t\t\t<\/div>\n\t\t\t\t<\/div>\n\t\t\t\t\t<\/div>\n\t\t<\/div>\n\t\t\t\t\t\t\t<\/div>\n\t\t<\/section>\n\t\t\t\t<section class=\"elementor-section elementor-top-section elementor-element elementor-element-cd77975 elementor-section-boxed elementor-section-height-default elementor-section-height-default\" data-id=\"cd77975\" data-element_type=\"section\">\n\t\t\t\t\t\t<div class=\"elementor-container elementor-column-gap-default\">\n\t\t\t\t\t<div class=\"elementor-column elementor-col-100 elementor-top-column elementor-element elementor-element-79e029c\" data-id=\"79e029c\" data-element_type=\"column\">\n\t\t\t<div class=\"elementor-widget-wrap elementor-element-populated\">\n\t\t\t\t\t\t\t\t<div class=\"elementor-element elementor-element-2661dfa elementor-widget elementor-widget-text-editor\" data-id=\"2661dfa\" data-element_type=\"widget\" data-widget_type=\"text-editor.default\">\n\t\t\t\t<div class=\"elementor-widget-container\">\n\t\t\t\t\t\t\t<p><strong>I. Informacje og\u00f3lne<\/strong><\/p><p>1. Administratorem danych osobowych zbieranych za po\u015brednictwem strony weronikawozniak.net jest Weronika Wo\u017aniak. Siedziba firmy mie\u015bci si\u0119 pod adresem: ul. Rynek G\u0142\u00f3wny 28, 31-010 Krak\u00f3w ;<\/p><p>2. Z administratorem danych mo\u017cesz skontaktowa\u0107 si\u0119 e-mailowo pod adresem weronika.wozniak@gmail.com oraz telefonicznie pod numerem: +48 600748695<\/p><p>3. Dane Us\u0142ugobiorc\u00f3w b\u0119d\u0105 przetwarzane na podstawie Rozporz\u0105dzenia Parlamentu Europejskiego i Rady (UE) 2016\/679 z dnia 27 kwietnia 2016 roku w sprawie ochrony os\u00f3b fizycznych w zwi\u0105zku z przetwarzaniem danych osobowych i w sprawie swobodnego przep\u0142ywu takich danych oraz uchylenia dyrektywy 95\/46\/WE.<\/p><p><strong>II. Pliki cookies<\/strong><\/p><p>1. Strona weronikawozniak.net u\u017cywa plik\u00f3w \u201ecookies\u201d. Brak zmiany po stronie Us\u0142ugobiorcy ustawie\u0144 przegl\u0105darki jest r\u00f3wnoznaczny z wyra\u017ceniem zgody na ich u\u017cycie.<\/p><p>2. W ramach Serwisu stosowane s\u0105 trzy rodzaje plik\u00f3w \u201ecookies\u201d: \u201esesyjne\u201d, \u201esta\u0142e\u201d oraz analityczne.\u2028a) \u201eCookies\u201d \u201esesyjne\u201d s\u0105 plikami tymczasowymi, kt\u00f3re przechowywane s\u0105 w urz\u0105dzeniu ko\u0144cowym Us\u0142ugobiorcy do czasu opuszczenia strony;\u2028b) \u201eSta\u0142e\u201d pliki \u201ecookies\u201d przechowywane s\u0105 w urz\u0105dzeniu ko\u0144cowym Us\u0142ugobiorcy przez czas okre\u015blony w parametrach plik\u00f3w \u201ecookies\u201d lub do czasu ich usuni\u0119cia przez U\u017cytkownika;\u2028c) \u201eCookies\u201d \u201eanalityczne\u201d umo\u017cliwiaj\u0105 lepsze poznanie sposobu interakcji Us\u0142ugobiorcy w zakresie zawarto\u015bci strony oraz lepsz\u0105 organizacj\u0119 jej uk\u0142adu. \u201cAnalityczne\u201d \u201ecookies\u201d gromadz\u0105 informacje o sposobie korzystania ze strony przez Us\u0142ugobiorc\u00f3w, typie strony, z jakiej Us\u0142ugobiorca zosta\u0142 przekierowany, oraz liczbie odwiedzin i czasie wizyty Us\u0142ugobiorcy na stronie. Informacje te s\u0142u\u017c\u0105 do opracowania statystyk korzystania ze strony.<\/p><p>3. U\u017cytkownik ma prawo zadecydowania w zakresie dost\u0119pu plik\u00f3w \u201ecookies\u201d do swojego komputera poprzez ich uprzedni wyb\u00f3r w oknie swojej przegl\u0105darki. Szczeg\u00f3\u0142owe informacje o mo\u017cliwo\u015bci i sposobach obs\u0142ugi plik\u00f3w \u201ecookies\u201d dost\u0119pne s\u0105 w ustawieniach oprogramowania (przegl\u0105darki internetowej).<\/p><p><strong>III. Przetwarzanie danych<\/strong><\/p><p>1. Przetwarzanie danych osobowych na stronie weronikawozniak.net odbywa si\u0119 jedynie za wyra\u017an\u0105 zgod\u0105 Us\u0142ugobiorcy udzielon\u0105 pod jednym z formularzy kontaktowych;<\/p><p>2. Us\u0142ugobiorcy w ka\u017cdej chwili mog\u0105 za\u017c\u0105da\u0107 dost\u0119pu do pozostawionych danych osobowych oraz dokona\u0107 ich modyfikacji lub za\u017c\u0105da\u0107 ich usuni\u0119cia o ile dane nie ogranicza tego odr\u0119bna umowa.<\/p><p>3. Szczeg\u00f3\u0142owe informacje dla os\u00f3b korzystaj\u0105cych z formularza kontaktowego:<\/p><p>\u2028Twoje dane osobowe podane w zapytaniu b\u0119d\u0105 przez nas przetwarzane w celu udzielenia odpowiedzi na Twoje zapytanie.\u2028Podstaw\u0105 prawn\u0105 do przetwarzania danych osobowych jest uzasadniony interes administratora \u2013 art. 6 ust. 1 Rozporz\u0105dzenia o ochronie danych osobowych RODO.<br \/>\u2028Twoje dane mog\u0105 by\u0107 przekazywane do nast\u0119puj\u0105cych odbiorc\u00f3w lub kategorii odbiorc\u00f3w danych osobowych tj. operatorom pocztowym, firmom ksi\u0119gowym, dostawcom i serwisantom us\u0142ug IT.\u2028<br \/>Dane b\u0119d\u0105 przechowywane do czasu udzielenia odpowiedzi na przes\u0142ane zapytanie oraz na czas prowadzenia korespondencji w sprawie zg\u0142oszonego zapytania.\u2028Podanie danych osobowych jest dobrowolne, ale niezb\u0119dne do udzielenia odpowiedzi.<\/p><p>4. Administrator zabezpiecza dane przed utrat\u0105 lub kradzie\u017c\u0105, korzystaj\u0105c ze znanych mu technik zabezpiecze\u0144.<\/p><p>5. Dane nie s\u0105 sprzedawane ani rozpowszechniane.<\/p>\t\t\t\t\t\t<\/div>\n\t\t\t\t<\/div>\n\t\t\t\t\t<\/div>\n\t\t<\/div>\n\t\t\t\t\t\t\t<\/div>\n\t\t<\/section>\n\t\t\t\t\t\t\t<\/div>\n\t\t","protected":false},"excerpt":{"rendered":"<p>Polityka prywatno\u015bci I. Informacje og\u00f3lne 1. Administratorem danych osobowych zbieranych za po\u015brednictwem strony weronikawozniak.net jest Weronika Wo\u017aniak. Siedziba firmy mie\u015bci si\u0119 pod adresem: ul. Rynek G\u0142\u00f3wny 28, 31-010 Krak\u00f3w ; 2. Z administratorem danych mo\u017cesz skontaktowa\u0107 si\u0119 e-mailowo pod adresem weronika.wozniak@gmail.com oraz telefonicznie pod numerem: +48 600748695 3. Dane Us\u0142ugobiorc\u00f3w b\u0119d\u0105 przetwarzane na podstawie Rozporz\u0105dzenia &hellip;<\/p>\n<p class=\"read-more\"> <a class=\"\" href=\"https:\/\/weronikawozniak.net\/index.php\/polityka-prywatnosci\/\"> <span class=\"screen-reader-text\">Polityka Prywatno\u015bci<\/span> Read More &raquo;<\/a><\/p>\n","protected":false},"author":1,"featured_media":0,"parent":0,"menu_order":0,"comment_status":"closed","ping_status":"closed","template":"","meta":{"site-sidebar-layout":"no-sidebar","site-content-layout":"page-builder","ast-main-header-display":"","ast-hfb-above-header-display":"","ast-hfb-below-header-display":"","ast-hfb-mobile-header-display":"","site-post-title":"disabled","ast-breadcrumbs-content":"","ast-featured-img":"disabled","footer-sml-layout":"","theme-transparent-header-meta":"default","adv-header-id-meta":"","stick-header-meta":"","header-above-stick-meta":"","header-main-stick-meta":"","header-below-stick-meta":""},"_links":{"self":[{"href":"https:\/\/weronikawozniak.net\/index.php\/wp-json\/wp\/v2\/pages\/3159"}],"collection":[{"href":"https:\/\/weronikawozniak.net\/index.php\/wp-json\/wp\/v2\/pages"}],"about":[{"href":"https:\/\/weronikawozniak.net\/index.php\/wp-json\/wp\/v2\/types\/page"}],"author":[{"embeddable":true,"href":"https:\/\/weronikawozniak.net\/index.php\/wp-json\/wp\/v2\/users\/1"}],"replies":[{"embeddable":true,"href":"https:\/\/weronikawozniak.net\/index.php\/wp-json\/wp\/v2\/comments?post=3159"}],"version-history":[{"count":7,"href":"https:\/\/weronikawozniak.net\/index.php\/wp-json\/wp\/v2\/pages\/3159\/revisions"}],"predecessor-version":[{"id":3237,"href":"https:\/\/weronikawozniak.net\/index.php\/wp-json\/wp\/v2\/pages\/3159\/revisions\/3237"}],"wp:attachment":[{"href":"https:\/\/weronikawozniak.net\/index.php\/wp-json\/wp\/v2\/media?parent=3159"}],"curies":[{"name":"wp","href":"https:\/\/api.w.org\/{rel}","templated":true}]}}